{"id":1083,"date":"2015-11-12T19:24:21","date_gmt":"2015-11-12T19:24:21","guid":{"rendered":"https:\/?page_id=1083"},"modified":"2020-09-01T11:17:51","modified_gmt":"2020-09-01T11:17:51","slug":"blog","status":"publish","type":"page","link":"https:\/\/jandufek.cz\/en\/blog\/","title":{"rendered":"BLOG"},"content":{"rendered":"<p><div class=\"et_d4_element et_pb_section et_pb_section_1  et_pb_css_mix_blend_mode et_pb_fullwidth_section et_section_regular et_pb_section--with-menu et_block_section\" >\n\t\t\t\t\n\t\t\t\t\n\t\t\t\t\n\t\t\t\t\n\t\t\t\t\n\t\t\t\t\n\t\t\t\t<div class=\"et_pb_module et_d4_element et_pb_fullwidth_menu et_pb_fullwidth_menu_0 et_pb_bg_layout_light  et_pb_text_align_right et_dropdown_animation_fade et_pb_fullwidth_menu--with-logo et_pb_fullwidth_menu--style-left_aligned  et_pb_css_mix_blend_mode\">\n\t\t\t\t\t\n\t\t\t\t\t\n\t\t\t\t\t\n\t\t\t\t\t\n\t\t\t\t\t<div class=\"et_pb_row clearfix\">\n\t\t\t\t\t\t<div class=\"et_pb_menu__logo-wrap\">\n\t\t\t  <div class=\"et_pb_menu__logo\">\n\t\t\t\t<a href=\"https:\/\/\/en\/\" ><img loading=\"lazy\" decoding=\"async\" width=\"1885\" height=\"1217\" src=\"http:\/\/jandufek.cz\/wp-content\/uploads\/2020\/05\/jandufekcz.png\" alt=\"\" srcset=\"https:\/\/jandufek.cz\/wp-content\/uploads\/2020\/05\/jandufekcz.png 1885w, https:\/\/jandufek.cz\/wp-content\/uploads\/2020\/05\/jandufekcz-1280x826.png 1280w, https:\/\/jandufek.cz\/wp-content\/uploads\/2020\/05\/jandufekcz-980x633.png 980w, https:\/\/jandufek.cz\/wp-content\/uploads\/2020\/05\/jandufekcz-480x310.png 480w\" sizes=\"(min-width: 0px) and (max-width: 480px) 480px, (min-width: 481px) and (max-width: 980px) 980px, (min-width: 981px) and (max-width: 1280px) 1280px, (min-width: 1281px) 1885px, 100vw\" class=\"wp-image-1615\" \/><\/a>\n\t\t\t  <\/div>\n\t\t\t<\/div>\n\t\t\t\t\t\t<div class=\"et_pb_menu__wrap\">\n\t\t\t\t\t\t\t<div class=\"et_pb_menu__menu\">\n\t\t\t\t\t\t\t\t<nav class=\"et-menu-nav fullwidth-menu-nav\"><ul id=\"menu-main\" class=\"et-menu fullwidth-menu nav downwards\"><li id=\"menu-item-1039\" class=\"et_pb_menu_page_id-1037 menu-item menu-item-type-post_type menu-item-object-page menu-item-1039\"><a href=\"https:\/\/jandufek.cz\/en\/portfolio\/\">PORTFOLIO<\/a><\/li>\n<li id=\"menu-item-1085\" class=\"et_pb_menu_page_id-1083 menu-item menu-item-type-post_type menu-item-object-page menu-item-1085\"><a href=\"https:\/\/jandufek.cz\/en\/blog\/\">BLOG<\/a><\/li>\n<li id=\"menu-item-1274\" class=\"et_pb_menu_page_id-1115 menu-item menu-item-type-post_type menu-item-object-page menu-item-1274\"><a href=\"https:\/\/jandufek.cz\/en\/skicak\/\">SKITCH<\/a><\/li>\n<li id=\"menu-item-1276\" class=\"et_pb_menu_page_id-1266 menu-item menu-item-type-post_type menu-item-object-page menu-item-1276\"><a href=\"https:\/\/jandufek.cz\/en\/now\/\">NOW<\/a><\/li>\n<\/ul><\/nav>\n\t\t\t\t\t\t\t<\/div>\n\t\t\t\t\t\t\t\n\t\t\t\t\t\t\t\n\t\t\t\t\t\t\t<div class=\"et_mobile_nav_menu\">\n\t\t\t\t<div class=\"mobile_nav closed\">\n\t\t\t\t\t<span class=\"mobile_menu_bar\"><\/span>\n\t\t\t\t<\/div>\n\t\t\t<\/div>\n\t\t\t\t\t\t<\/div>\n\t\t\t\t\t\t\n\t\t\t\t\t<\/div>\n\t\t\t\t<\/div>\n\t\t\t\t\n\t\t\t\t\n\t\t\t<\/div><div class=\"et_d4_element et_pb_section et_pb_section_2  et_pb_css_mix_blend_mode et_section_regular section_has_divider et_pb_top_divider et_block_section\" >\n\t\t\t\t<div class=\"et_pb_top_inside_divider et-no-transition\"><\/div>\n\t\t\t\t\n\t\t\t\t\n\t\t\t\t\n\t\t\t\t\n\t\t\t\t\n\t\t\t\t<div class=\"et_d4_element et_pb_row et_pb_row_0  et_pb_css_mix_blend_mode et_block_row\">\n\t\t\t\t<div class=\"et_d4_element et_pb_column_4_4 et_pb_column et_pb_column_0  et_pb_css_mix_blend_mode et-last-child et_block_column\">\n\t\t\t\t\n\t\t\t\t\n\t\t\t\t\n\t\t\t\t\n\t\t\t\t<div class=\"et_pb_module et_d4_element et_pb_text et_pb_text_0  et_pb_text_align_left et_pb_bg_layout_light\">\n\t\t\t\t\n\t\t\t\t\n\t\t\t\t\n\t\t\t\t\n\t\t\t\t<div class=\"et_pb_text_inner\">Nebudeme si nic namlouvat. Tahle sekce je hodn\u011b zastaral\u00e1! (1.9.2020)<\/div>\n\t\t\t<\/div><div class=\"et_pb_module et_d4_element et_pb_blog_0  et_pb_css_mix_blend_mode et_pb_blog_grid_wrapper et_pb_bg_layout_light\">\n\t\t\t\t\t<div class=\"et_pb_blog_grid clearfix\">\n\t\t\t\t\t\n\t\t\t\t\t\n\t\t\t\t\t\n\t\t\t\t\t\n\t\t\t\t\t<div class=\"et_pb_ajax_pagination_container\">\n\t\t\t\t\t\t<div class=\"et_pb_salvattore_content\" data-columns>\n\t\t\t<article id=\"post-1292\" class=\"et_pb_post clearfix et_pb_no_thumb et_pb_blog_item_0_0 post-1292 post type-post status-publish format-standard hentry category-uncategorized\">\n\n\t\t\t\t\n\t\t\t\t\t\t\t\t\t\t\t\t\t\t<h2 class=\"entry-title\">\n\t\t\t\t\t\t\t\t\t\t\t\t\t<a href=\"https:\/\/jandufek.cz\/en\/2016\/04\/14\/tibet\/\">Tibet je \u010f\u00e1blovo doup\u011b!<\/a>\n\t\t\t\t\t\t\t\t\t\t\t<\/h2>\n\t\t\t\t\n\t\t\t\t\t<p class=\"post-meta\">by <span class=\"author vcard\"><a href=\"https:\/\/jandufek.cz\/en\/author\/jand\/\" title=\"Posts by jand\" rel=\"author\">jand<\/a><\/span> | <span class=\"published\">Apr 14, 2016<\/span> | <a href=\"https:\/\/jandufek.cz\/en\/category\/uncategorized\/\" rel=\"tag\">Uncategorized<\/a> | 0 Comments<\/p><div class=\"post-content\"><div class=\"post-content-inner\"><p>P\u0159ed p\u00e1r dny mi kolega poslal odkaz na \u010dl\u00e1nek, kter\u00fd \"demaskuje\" krutou pravdu o Tibetu a krutostech tib\u011b\u0165an\u016f. Od t\u00e9 doby jsem zjistil, \u017ee je to celkem m\u00f3da.* Odkaz na samotn\u00fd text uv\u00e1d\u00edm dole, aby to nesmrd\u011blo hned na za\u010d\u00e1tku. Jako zn\u00e1m\u00e9ho tibetofila m\u011b to...<\/p>\n<\/div><\/div>\t\t\t\n\t\t\t<\/article>\n\t\t\t\t\n\t\t\t<article id=\"post-1282\" class=\"et_pb_post clearfix et_pb_no_thumb et_pb_blog_item_0_1 post-1282 post type-post status-publish format-standard hentry category-hlavou category-humanita category-janbook\">\n\n\t\t\t\t\n\t\t\t\t\t\t\t\t\t\t\t\t\t\t<h2 class=\"entry-title\">\n\t\t\t\t\t\t\t\t\t\t\t\t\t<a href=\"https:\/\/jandufek.cz\/en\/2016\/01\/06\/navonena-zdechlina-3-0\/\">Navon\u011bn\u00e1 zdechlina 3.0 ?<\/a>\n\t\t\t\t\t\t\t\t\t\t\t<\/h2>\n\t\t\t\t\n\t\t\t\t\t<p class=\"post-meta\">by <span class=\"author vcard\"><a href=\"https:\/\/jandufek.cz\/en\/author\/jand\/\" title=\"Posts by jand\" rel=\"author\">jand<\/a><\/span> | <span class=\"published\">Jan 6, 2016<\/span> | <a href=\"https:\/\/jandufek.cz\/en\/category\/blog\/hlavou\/\" rel=\"tag\">hlavou<\/a>, <a href=\"https:\/\/jandufek.cz\/en\/category\/blog\/humanita\/\" rel=\"tag\">humanita<\/a>, <a href=\"https:\/\/jandufek.cz\/en\/category\/blog\/janbook\/\" rel=\"tag\">janbook<\/a> | 0 Comments<\/p><div class=\"post-content\"><div class=\"post-content-inner\"><p>[tohle je re-post z webu adhackers.cz, pro kter\u00fd byl tento text p\u016fvodn\u011b napsan\u00fd] Motto: \"Ka\u017edej p\u0159\u00edb\u011bh je pravda, dokud se neuk\u00e1\u017ee, \u017ee je to le\u017e.\" * Motto2: \"Nebu\u010fte kret\u00e9ni!\" ** T\u0159i\u00a0zastaven\u00ed nad reklamou nov\u00e9ho v\u011bku. 1. Dotkni se davu. Sed\u00edm na...<\/p>\n<\/div><\/div>\t\t\t\n\t\t\t<\/article>\n\t\t\t\t\n\t\t\t<article id=\"post-762\" class=\"et_pb_post clearfix et_pb_no_thumb et_pb_blog_item_0_2 post-762 post type-post status-publish format-standard hentry category-janbook tag-text\">\n\n\t\t\t\t\n\t\t\t\t\t\t\t\t\t\t\t\t\t\t<h2 class=\"entry-title\">\n\t\t\t\t\t\t\t\t\t\t\t\t\t<a href=\"https:\/\/jandufek.cz\/en\/2014\/04\/11\/kedlubna\/\">kedlubna.<\/a>\n\t\t\t\t\t\t\t\t\t\t\t<\/h2>\n\t\t\t\t\n\t\t\t\t\t<p class=\"post-meta\">by <span class=\"author vcard\"><a href=\"https:\/\/jandufek.cz\/en\/author\/jand\/\" title=\"Posts by jand\" rel=\"author\">jand<\/a><\/span> | <span class=\"published\">Apr 11, 2014<\/span> | <a href=\"https:\/\/jandufek.cz\/en\/category\/blog\/janbook\/\" rel=\"tag\">janbook<\/a> | 0 Comments<\/p><div class=\"post-content\"><div class=\"post-content-inner\"><p>nepamatuju si, co bylo p\u0159ed deseti lety, nebo se m\u00e9 vzpom\u00ednky podobaj\u00ed rozpit\u00e9mu obrazu, kter\u00fd se neust\u00e1le m\u011bn\u00ed nev\u00edm jak\u00e1 cesta m\u011b dovedla a\u017e sem nev\u00edm, jestli je n\u011bjak\u00e1 cesta, kter\u00e1 m\u011b kdy n\u011bkam vedla d\u00edv\u00e1m se na svoje ruce, jak p\u00ed\u0161ou tyhle slova oloupu kedlubnu a...<\/p>\n<\/div><\/div>\t\t\t\n\t\t\t<\/article>\n\t\t\t\t\n\t\t\t<article id=\"post-758\" class=\"et_pb_post clearfix et_pb_no_thumb et_pb_blog_item_0_3 post-758 post type-post status-publish format-standard hentry category-janbook\">\n\n\t\t\t\t\n\t\t\t\t\t\t\t\t\t\t\t\t\t\t<h2 class=\"entry-title\">\n\t\t\t\t\t\t\t\t\t\t\t\t\t<a href=\"https:\/\/jandufek.cz\/en\/2014\/03\/08\/fjodor-ivanovic-si-kupuje-zmrzlinu\/\">Fjodor Ivanovi\u010d si kupuje zmrzlinu.<\/a>\n\t\t\t\t\t\t\t\t\t\t\t<\/h2>\n\t\t\t\t\n\t\t\t\t\t<p class=\"post-meta\">by <span class=\"author vcard\"><a href=\"https:\/\/jandufek.cz\/en\/author\/jand\/\" title=\"Posts by jand\" rel=\"author\">jand<\/a><\/span> | <span class=\"published\">Mar 8, 2014<\/span> | <a href=\"https:\/\/jandufek.cz\/en\/category\/blog\/janbook\/\" rel=\"tag\">janbook<\/a> | 0 Comments<\/p><div class=\"post-content\"><div class=\"post-content-inner\"><p>\"dobr\u00fd den\" \"dobr\u00fd den, d\u00e1te si kolomb\u00ednu nebo pijerota?\" \"no j\u00e1 nev\u00edm, jako mal\u00fd jsem to nikdy nejedl, ale zkusil bych t\u0159ebas.. kolomb\u00fdnu .. ..nebo je to s m\u011bkk\u00fdm?\" \"je to s m\u011bkk\u00fdm, ale to nevad\u00ed, bude to t\u0159in\u00e1ct\" \"po\u010dkejte tak to bych m\u011bl m\u00edt drobn\u00e9\" \"to by mi...<\/p>\n<\/div><\/div>\t\t\t\n\t\t\t<\/article>\n\t\t\t\t\n\t\t\t<article id=\"post-701\" class=\"et_pb_post clearfix et_pb_no_thumb et_pb_blog_item_0_4 post-701 post type-post status-publish format-standard hentry category-humanita category-janbook\">\n\n\t\t\t\t\n\t\t\t\t\t\t\t\t\t\t\t\t\t\t<h2 class=\"entry-title\">\n\t\t\t\t\t\t\t\t\t\t\t\t\t<a href=\"https:\/\/jandufek.cz\/en\/2013\/02\/08\/jsi-zradna\/\">jsi zr\u00e1dn\u00e1.<\/a>\n\t\t\t\t\t\t\t\t\t\t\t<\/h2>\n\t\t\t\t\n\t\t\t\t\t<p class=\"post-meta\">by <span class=\"author vcard\"><a href=\"https:\/\/jandufek.cz\/en\/author\/jand\/\" title=\"Posts by jand\" rel=\"author\">jand<\/a><\/span> | <span class=\"published\">Feb 8, 2013<\/span> | <a href=\"https:\/\/jandufek.cz\/en\/category\/blog\/humanita\/\" rel=\"tag\">humanita<\/a>, <a href=\"https:\/\/jandufek.cz\/en\/category\/blog\/janbook\/\" rel=\"tag\">janbook<\/a> | 0 Comments<\/p><div class=\"post-content\"><div class=\"post-content-inner\"><p>Zam\u011bstnanec Ikea v pracovn\u00ed uniform\u011b proch\u00e1z\u00ed skladem a mluv\u00ed do handsfree. \".. A v\u010dera jsi mi zase lhala.. Ano lhala jsi mi a u\u017e ti nem\u016f\u017eu v\u011b\u0159it.. Jsi zr\u00e1dn\u00e1..\" ..a pron\u00e1\u0161\u00ed to v\u00e1\u017en\u00fdm hlubok\u00fdm hlasem a jak nen\u00ed vid\u011bt sluch\u00e1tko, vypad\u00e1 to jako by mluvil k cel\u00e9mu...<\/p>\n<\/div><\/div>\t\t\t\n\t\t\t<\/article>\n\t\t\t\t\n\t\t\t<article id=\"post-657\" class=\"et_pb_post clearfix et_pb_blog_item_0_5 post-657 post type-post status-publish format-standard has-post-thumbnail hentry category-cas category-gtd category-hlavou category-technologie category-timemanagement\">\n\n\t\t\t\t<div class=\"et_pb_image_container\"><a href=\"https:\/\/jandufek.cz\/en\/2012\/12\/18\/sebeorganizace-cesta\/\" class=\"entry-featured-image-url\"><img loading=\"lazy\" decoding=\"async\" src=\"https:\/\/jandufek.cz\/wp-content\/uploads\/2012\/12\/sebeorganizace.jpg\" alt=\"Sebeorganizace \/ cesta\" class=\"\" srcset=\"https:\/\/jandufek.cz\/wp-content\/uploads\/2012\/12\/sebeorganizace.jpg 479w, https:\/\/jandufek.cz\/wp-content\/uploads\/2012\/12\/sebeorganizace.jpg 480w \" sizes=\"(max-width:479px) 479px, 100vw \"  width=\"400\" height=\"250\" \/><\/a><\/div>\n\t\t\t\t\t\t\t\t\t\t\t\t\t\t<h2 class=\"entry-title\">\n\t\t\t\t\t\t\t\t\t\t\t\t\t<a href=\"https:\/\/jandufek.cz\/en\/2012\/12\/18\/sebeorganizace-cesta\/\">Sebeorganizace \/ cesta<\/a>\n\t\t\t\t\t\t\t\t\t\t\t<\/h2>\n\t\t\t\t\n\t\t\t\t\t<p class=\"post-meta\">by <span class=\"author vcard\"><a href=\"https:\/\/jandufek.cz\/en\/author\/jand\/\" title=\"Posts by jand\" rel=\"author\">jand<\/a><\/span> | <span class=\"published\">Dec 18, 2012<\/span> | <a href=\"https:\/\/jandufek.cz\/en\/category\/blog\/cas\/\" rel=\"tag\">\u010das<\/a>, <a href=\"https:\/\/jandufek.cz\/en\/category\/blog\/gtd\/\" rel=\"tag\">gtd<\/a>, <a href=\"https:\/\/jandufek.cz\/en\/category\/blog\/hlavou\/\" rel=\"tag\">hlavou<\/a>, <a href=\"https:\/\/jandufek.cz\/en\/category\/blog\/technologie\/\" rel=\"tag\">technologie<\/a>, <a href=\"https:\/\/jandufek.cz\/en\/category\/blog\/timemanagement\/\" rel=\"tag\">timemanagement<\/a> | 0 Comments<\/p><div class=\"post-content\"><div class=\"post-content-inner\"><p>Rekapitulace pou\u017e\u00edv\u00e1n\u00ed syst\u00e9m\u016f, antisyst\u00e9m\u016f a chaosu v organizaci \u010dasu, prostoru a v\u011bc\u00ed, kter\u00e9 je pot\u0159eba ud\u011blat. Dne\u0161n\u00ed sv\u011bt je organizac\u00ed posedl\u00fd. Uk\u00e1zalo se, \u017ee rychlost a komplikovanost sv\u011bta je vlastn\u011b nad na\u0161e mo\u017enosti. Nezvl\u00e1d\u00e1me d\u011blat to, co si mysl\u00edme, \u017ee...<\/p>\n<\/div><\/div>\t\t\t\n\t\t\t<\/article>\n\t\t\t\t\n\t\t\t<article id=\"post-652\" class=\"et_pb_post clearfix et_pb_no_thumb et_pb_blog_item_0_6 post-652 post type-post status-publish format-standard hentry category-hlavou category-humanita category-janbook category-rodina\">\n\n\t\t\t\t\n\t\t\t\t\t\t\t\t\t\t\t\t\t\t<h2 class=\"entry-title\">\n\t\t\t\t\t\t\t\t\t\t\t\t\t<a href=\"https:\/\/jandufek.cz\/en\/2012\/12\/07\/krokodyl\/\">Krokod\u00fdl!<\/a>\n\t\t\t\t\t\t\t\t\t\t\t<\/h2>\n\t\t\t\t\n\t\t\t\t\t<p class=\"post-meta\">by <span class=\"author vcard\"><a href=\"https:\/\/jandufek.cz\/en\/author\/jand\/\" title=\"Posts by jand\" rel=\"author\">jand<\/a><\/span> | <span class=\"published\">Dec 7, 2012<\/span> | <a href=\"https:\/\/jandufek.cz\/en\/category\/blog\/hlavou\/\" rel=\"tag\">hlavou<\/a>, <a href=\"https:\/\/jandufek.cz\/en\/category\/blog\/humanita\/\" rel=\"tag\">humanita<\/a>, <a href=\"https:\/\/jandufek.cz\/en\/category\/blog\/janbook\/\" rel=\"tag\">janbook<\/a>, <a href=\"https:\/\/jandufek.cz\/en\/category\/blog\/rodina\/\" rel=\"tag\">rodina<\/a> | 0 Comments<\/p><div class=\"post-content\"><div class=\"post-content-inner\"><p>\"t\u00e1to, co to je?\" \"to je krokod\u00fdl\" \"ne. krokod\u00fdl ne.\" \"ale jo, tohle je krokod\u00fdl\" \"ne! nen\u00ed! krokod\u00fdl ne!\" \"aha. tak co to je?\" \"krokod\u00fdl, t\u00e1to.\" Kd\u017e se d\u00edv\u00e1m na konverzace, kter\u00fd te\u010f vedu s Johanou (3), jsou to vlastn\u011b perfektn\u00ed zenov\u00fd koany. D\u011bti jsou toti\u017e zenov\u00ed...<\/p>\n<\/div><\/div>\t\t\t\n\t\t\t<\/article>\n\t\t\t\t\n\t\t\t<article id=\"post-596\" class=\"et_pb_post clearfix et_pb_no_thumb et_pb_blog_item_0_7 post-596 post type-post status-publish format-standard hentry category-beh category-humanita category-janbook category-technologie\">\n\n\t\t\t\t\n\t\t\t\t\t\t\t\t\t\t\t\t\t\t<h2 class=\"entry-title\">\n\t\t\t\t\t\t\t\t\t\t\t\t\t<a href=\"https:\/\/jandufek.cz\/en\/2012\/07\/30\/intelektualni-vlastnictvi\/\">Intelektu\u00e1ln\u00ed vlastnictv\u00ed.<\/a>\n\t\t\t\t\t\t\t\t\t\t\t<\/h2>\n\t\t\t\t\n\t\t\t\t\t<p class=\"post-meta\">by <span class=\"author vcard\"><a href=\"https:\/\/jandufek.cz\/en\/author\/jand\/\" title=\"Posts by jand\" rel=\"author\">jand<\/a><\/span> | <span class=\"published\">Jul 30, 2012<\/span> | <a href=\"https:\/\/jandufek.cz\/en\/category\/blog\/beh\/\" rel=\"tag\">b\u011bh<\/a>, <a href=\"https:\/\/jandufek.cz\/en\/category\/blog\/humanita\/\" rel=\"tag\">humanita<\/a>, <a href=\"https:\/\/jandufek.cz\/en\/category\/blog\/janbook\/\" rel=\"tag\">janbook<\/a>, <a href=\"https:\/\/jandufek.cz\/en\/category\/blog\/technologie\/\" rel=\"tag\">technologie<\/a> | 0 Comments<\/p><div class=\"post-content\"><div class=\"post-content-inner\"><p>Pro\u010d mus\u00ed z\u00e1padn\u00ed spole\u010dnost jistojist\u011b skon\u010dit a rozpadnout se na prach? Proto\u017ee m\u00e1 sama na sebe bi\u010d v podob\u011b intelektu\u00e1ln\u00edho vlastnictv\u00ed. A intelektu\u00e1ln\u00ed vlastnictv\u00ed neexistuje. A nikdy neexistovalo. A nebude. Te\u010dka. ... P\u0159\u00edklad\u016f by se daly naj\u00edt stovky a stovky,...<\/p>\n<\/div><\/div>\t\t\t\n\t\t\t<\/article>\n\t\t\t\t\n\t\t\t<article id=\"post-592\" class=\"et_pb_post clearfix et_pb_no_thumb et_pb_blog_item_0_8 post-592 post type-post status-publish format-standard hentry category-technologie category-televize\">\n\n\t\t\t\t\n\t\t\t\t\t\t\t\t\t\t\t\t\t\t<h2 class=\"entry-title\">\n\t\t\t\t\t\t\t\t\t\t\t\t\t<a href=\"https:\/\/jandufek.cz\/en\/2012\/06\/07\/cas-strihu\/\">\u010cas st\u0159ihu.<\/a>\n\t\t\t\t\t\t\t\t\t\t\t<\/h2>\n\t\t\t\t\n\t\t\t\t\t<p class=\"post-meta\">by <span class=\"author vcard\"><a href=\"https:\/\/jandufek.cz\/en\/author\/jand\/\" title=\"Posts by jand\" rel=\"author\">jand<\/a><\/span> | <span class=\"published\">Jun 7, 2012<\/span> | <a href=\"https:\/\/jandufek.cz\/en\/category\/blog\/technologie\/\" rel=\"tag\">technologie<\/a>, <a href=\"https:\/\/jandufek.cz\/en\/category\/blog\/televize\/\" rel=\"tag\">televize<\/a> | 0 Comments<\/p><div class=\"post-content\"><div class=\"post-content-inner\"><p>Mal\u00e1 z\u00e1kulisn\u00ed \u010dasosb\u011brn\u00e1 sekvence z posledn\u00edho dne st\u0159ihu Fokusu o konc\u00edch. Je dob\u0159e vid\u011bt, \u017ee ta nejd\u016fle\u017eit\u011bj\u0161\u00ed f\u00e1ze tvorby spo\u010d\u00edv\u00e1 p\u0159ev\u00e1\u017en\u011b v poposed\u00e1v\u00e1n\u00ed, kroucen\u00ed se na nepohodln\u00fdch \u017eidl\u00edch, podp\u00edr\u00e1n\u00ed hlav a z\u00edr\u00e1n\u00ed do monitor\u016f. \u010cas st\u0159ihu from jan dufek on Vimeo....<\/p>\n<\/div><\/div>\t\t\t\n\t\t\t<\/article>\n\t\t\t\t\n\t\t\t<article id=\"post-154\" class=\"et_pb_post clearfix et_pb_no_thumb et_pb_blog_item_0_9 post-154 post type-post status-publish format-standard hentry category-hlavou category-technologie\">\n\n\t\t\t\t\n\t\t\t\t\t\t\t\t\t\t\t\t\t\t<h2 class=\"entry-title\">\n\t\t\t\t\t\t\t\t\t\t\t\t\t<a href=\"https:\/\/jandufek.cz\/en\/2011\/12\/15\/niche-nika-a-digitalni-vsevedoucnost\/\">Niche (nika) a digit\u00e1ln\u00ed v\u0161ev\u011bdoucnost.<\/a>\n\t\t\t\t\t\t\t\t\t\t\t<\/h2>\n\t\t\t\t\n\t\t\t\t\t<p class=\"post-meta\">by <span class=\"author vcard\"><a href=\"https:\/\/jandufek.cz\/en\/author\/jand\/\" title=\"Posts by jand\" rel=\"author\">jand<\/a><\/span> | <span class=\"published\">Dec 15, 2011<\/span> | <a href=\"https:\/\/jandufek.cz\/en\/category\/blog\/hlavou\/\" rel=\"tag\">hlavou<\/a>, <a href=\"https:\/\/jandufek.cz\/en\/category\/blog\/technologie\/\" rel=\"tag\">technologie<\/a> | 0 Comments<\/p><div class=\"post-content\"><div class=\"post-content-inner\"><p>V angli\u010dtin\u011b existuje kr\u00e1sn\u00fd v\u00fdraz \"niche\" (kter\u00fd v doslovn\u00e9m p\u0159ekladu znamen\u00e1 nika\/v\u00fdklenek - architektinock\u00fd prvek, dekorativn\u00ed prohlube\u0148 ve zdi - kter\u00fdm se \u010dasto ozna\u010duje \u00fazk\u00fd segment trhu, nevelk\u00e1 c\u00edlov\u00e1 skupina, \"parti\u010dka\"). Odtud n\u00e1zev tohoto \u010dl\u00e1nku. K tomuhle...<\/p>\n<\/div><\/div>\t\t\t\n\t\t\t<\/article>\n\t\t\t\t<\/div><div><div class=\"pagination clearfix\">\n\t<div class=\"alignleft\"><a href=\"https:\/\/jandufek.cz\/en\/wp-json\/wp\/v2\/pages\/1083\/page\/2\/?et_blog\" >&laquo; Older Entries<\/a><\/div>\n\t<div class=\"alignright\"><\/div>\n<\/div><\/div><\/div>\n\t\t\t\t\t<\/div>\n\t\t\t\t\t \n\t\t\t\t<\/div>\n\t\t\t<\/div>\n\t\t\t\t\n\t\t\t\t\n\t\t\t\t\n\t\t\t\t\n\t\t\t<\/div>\n\t\t\t\t\n\t\t\t\t\n\t\t\t<\/div><\/p>","protected":false},"excerpt":{"rendered":"","protected":false},"author":1,"featured_media":0,"parent":0,"menu_order":0,"comment_status":"closed","ping_status":"closed","template":"page-template-blank.php","meta":{"_et_pb_use_builder":"on","_et_pb_old_content":"","_et_gb_content_width":"","footnotes":""},"class_list":["post-1083","page","type-page","status-publish","hentry"],"_links":{"self":[{"href":"https:\/\/jandufek.cz\/en\/wp-json\/wp\/v2\/pages\/1083","targetHints":{"allow":["GET"]}}],"collection":[{"href":"https:\/\/jandufek.cz\/en\/wp-json\/wp\/v2\/pages"}],"about":[{"href":"https:\/\/jandufek.cz\/en\/wp-json\/wp\/v2\/types\/page"}],"author":[{"embeddable":true,"href":"https:\/\/jandufek.cz\/en\/wp-json\/wp\/v2\/users\/1"}],"replies":[{"embeddable":true,"href":"https:\/\/jandufek.cz\/en\/wp-json\/wp\/v2\/comments?post=1083"}],"version-history":[{"count":7,"href":"https:\/\/jandufek.cz\/en\/wp-json\/wp\/v2\/pages\/1083\/revisions"}],"predecessor-version":[{"id":1813,"href":"https:\/\/jandufek.cz\/en\/wp-json\/wp\/v2\/pages\/1083\/revisions\/1813"}],"wp:attachment":[{"href":"https:\/\/jandufek.cz\/en\/wp-json\/wp\/v2\/media?parent=1083"}],"curies":[{"name":"wp","href":"https:\/\/api.w.org\/{rel}","templated":true}]}}