{"id":1183,"date":"2015-11-19T21:44:11","date_gmt":"2015-11-19T21:44:11","guid":{"rendered":"https:\/?page_id=1183"},"modified":"2021-02-03T22:49:01","modified_gmt":"2021-02-03T22:49:01","slug":"projekty","status":"publish","type":"page","link":"https:\/\/jandufek.cz\/en\/projekty\/","title":{"rendered":"projekty"},"content":{"rendered":"<p><div class=\"et_d4_element et_pb_section et_pb_section_0  et_pb_css_mix_blend_mode et_pb_fullwidth_section et_section_regular et_pb_section--with-menu et_block_section\" >\n\t\t\t\t\n\t\t\t\t\n\t\t\t\t\n\t\t\t\t\n\t\t\t\t\n\t\t\t\t\n\t\t\t\t<div class=\"et_pb_module et_d4_element et_pb_fullwidth_menu et_pb_fullwidth_menu_0 et_pb_bg_layout_light  et_pb_text_align_right et_dropdown_animation_fade et_pb_fullwidth_menu--with-logo et_pb_fullwidth_menu--style-left_aligned  et_pb_css_mix_blend_mode\">\n\t\t\t\t\t\n\t\t\t\t\t\n\t\t\t\t\t\n\t\t\t\t\t\n\t\t\t\t\t<div class=\"et_pb_row clearfix\">\n\t\t\t\t\t\t<div class=\"et_pb_menu__logo-wrap\">\n\t\t\t  <div class=\"et_pb_menu__logo\">\n\t\t\t\t<img loading=\"lazy\" decoding=\"async\" width=\"1885\" height=\"1217\" src=\"http:\/\/jandufek.cz\/wp-content\/uploads\/2020\/05\/jandufekcz.png\" alt=\"\" srcset=\"https:\/\/jandufek.cz\/wp-content\/uploads\/2020\/05\/jandufekcz.png 1885w, https:\/\/jandufek.cz\/wp-content\/uploads\/2020\/05\/jandufekcz-1280x826.png 1280w, https:\/\/jandufek.cz\/wp-content\/uploads\/2020\/05\/jandufekcz-980x633.png 980w, https:\/\/jandufek.cz\/wp-content\/uploads\/2020\/05\/jandufekcz-480x310.png 480w\" sizes=\"(min-width: 0px) and (max-width: 480px) 480px, (min-width: 481px) and (max-width: 980px) 980px, (min-width: 981px) and (max-width: 1280px) 1280px, (min-width: 1281px) 1885px, 100vw\" class=\"wp-image-1615\" \/>\n\t\t\t  <\/div>\n\t\t\t<\/div>\n\t\t\t\t\t\t<div class=\"et_pb_menu__wrap\">\n\t\t\t\t\t\t\t<div class=\"et_pb_menu__menu\">\n\t\t\t\t\t\t\t\t<nav class=\"et-menu-nav fullwidth-menu-nav\"><ul id=\"menu-main\" class=\"et-menu fullwidth-menu nav downwards\"><li id=\"menu-item-1039\" class=\"et_pb_menu_page_id-1037 menu-item menu-item-type-post_type menu-item-object-page menu-item-1039\"><a href=\"https:\/\/jandufek.cz\/en\/portfolio\/\">PORTFOLIO<\/a><\/li>\n<li id=\"menu-item-1085\" class=\"et_pb_menu_page_id-1083 menu-item menu-item-type-post_type menu-item-object-page menu-item-1085\"><a href=\"https:\/\/jandufek.cz\/en\/blog\/\">BLOG<\/a><\/li>\n<li id=\"menu-item-1274\" class=\"et_pb_menu_page_id-1115 menu-item menu-item-type-post_type menu-item-object-page menu-item-1274\"><a href=\"https:\/\/jandufek.cz\/en\/skicak\/\">SKITCH<\/a><\/li>\n<li id=\"menu-item-1276\" class=\"et_pb_menu_page_id-1266 menu-item menu-item-type-post_type menu-item-object-page menu-item-1276\"><a href=\"https:\/\/jandufek.cz\/en\/now\/\">NOW<\/a><\/li>\n<\/ul><\/nav>\n\t\t\t\t\t\t\t<\/div>\n\t\t\t\t\t\t\t\n\t\t\t\t\t\t\t\n\t\t\t\t\t\t\t<div class=\"et_mobile_nav_menu\">\n\t\t\t\t<div class=\"mobile_nav closed\">\n\t\t\t\t\t<span class=\"mobile_menu_bar\"><\/span>\n\t\t\t\t<\/div>\n\t\t\t<\/div>\n\t\t\t\t\t\t<\/div>\n\t\t\t\t\t\t\n\t\t\t\t\t<\/div>\n\t\t\t\t<\/div>\n\t\t\t\t\n\t\t\t\t\n\t\t\t<\/div><div class=\"et_d4_element et_pb_section et_pb_section_1  et_pb_css_mix_blend_mode et_section_regular section_has_divider et_pb_top_divider et_block_section\" >\n\t\t\t\t<div class=\"et_pb_top_inside_divider et-no-transition\"><\/div>\n\t\t\t\t\n\t\t\t\t\n\t\t\t\t\n\t\t\t\t\n\t\t\t\t\n\t\t\t\t<div class=\"et_d4_element et_pb_row et_pb_row_0  et_pb_css_mix_blend_mode et_block_row\">\n\t\t\t\t<div class=\"et_d4_element et_pb_column_1_3 et_pb_column et_pb_column_0  et_pb_css_mix_blend_mode et_block_column\">\n\t\t\t\t\n\t\t\t\t\n\t\t\t\t\n\t\t\t\t\n\t\t\t\t<div class=\"et_pb_with_border et_pb_module et_d4_element et_pb_image et_pb_image_0\">\n\t\t\t\t\n\t\t\t\t\n\t\t\t\t\n\t\t\t\t\n\t\t\t\t<a href=\"http:\/\/uplnynic.cz\"><span class=\"et_pb_image_wrap\"><img loading=\"lazy\" decoding=\"async\" width=\"450\" height=\"450\" src=\"http:\/\/jandufek.cz\/wp-content\/uploads\/2021\/02\/uplnynic-circle.png\" alt=\"\" title=\"\" srcset=\"https:\/\/jandufek.cz\/wp-content\/uploads\/2021\/02\/uplnynic-circle.png 450w, https:\/\/jandufek.cz\/wp-content\/uploads\/2021\/02\/uplnynic-circle-300x300.png 300w, https:\/\/jandufek.cz\/wp-content\/uploads\/2021\/02\/uplnynic-circle-145x145.png 145w\" sizes=\"(max-width: 450px) 100vw, 450px\" class=\"wp-image-1880\" \/><\/span><\/a>\n\t\t\t<\/div><div class=\"et_pb_module et_d4_element et_pb_text et_pb_text_0  et_pb_text_align_left et_pb_bg_layout_light\">\n\t\t\t\t\n\t\t\t\t\n\t\t\t\t\n\t\t\t\t\n\t\t\t\t<div class=\"et_pb_text_inner\"><p style=\"text-align: center;\"><b>\u00daPLN\u00dd NIC<\/b><\/p>\n<p style=\"text-align: center;\">Posedlost meditac\u00ed a zkoum\u00e1n\u00edm podstaty a esence. Celo\u017eivotn\u00ed smysl.\u00a0<\/p><\/div>\n\t\t\t<\/div>\n\t\t\t<\/div><div class=\"et_d4_element et_pb_column_1_3 et_pb_column et_pb_column_1  et_pb_css_mix_blend_mode et_block_column\">\n\t\t\t\t\n\t\t\t\t\n\t\t\t\t\n\t\t\t\t\n\t\t\t\t<div class=\"et_pb_with_border et_pb_module et_d4_element et_pb_image et_pb_image_1\">\n\t\t\t\t\n\t\t\t\t\n\t\t\t\t\n\t\t\t\t\n\t\t\t\t<a href=\"http:\/\/runfree.cz\"><span class=\"et_pb_image_wrap\"><img loading=\"lazy\" decoding=\"async\" width=\"800\" height=\"800\" src=\"http:\/\/jandufek.cz\/wp-content\/uploads\/2015\/11\/RF-SIMPLE-LOGO.jpg\" alt=\"\" title=\"\" srcset=\"https:\/\/jandufek.cz\/wp-content\/uploads\/2015\/11\/RF-SIMPLE-LOGO.jpg 800w, https:\/\/jandufek.cz\/wp-content\/uploads\/2015\/11\/RF-SIMPLE-LOGO-145x145.jpg 145w, https:\/\/jandufek.cz\/wp-content\/uploads\/2015\/11\/RF-SIMPLE-LOGO-300x300.jpg 300w, https:\/\/jandufek.cz\/wp-content\/uploads\/2015\/11\/RF-SIMPLE-LOGO-785x785.jpg 785w\" sizes=\"(max-width: 800px) 100vw, 800px\" class=\"wp-image-1185\" \/><\/span><\/a>\n\t\t\t<\/div><div class=\"et_pb_module et_d4_element et_pb_text et_pb_text_1  et_pb_text_align_left et_pb_bg_layout_light\">\n\t\t\t\t\n\t\t\t\t\n\t\t\t\t\n\t\t\t\t\n\t\t\t\t<div class=\"et_pb_text_inner\"><p style=\"text-align: center;\"><strong>RUNFREE.CZ<\/strong><\/p>\n<p style=\"text-align: center;\">Posedlost\u00a0b\u011bhem transformovan\u00e1 do podoby webu, podcastu a YT kan\u00e1lu.<\/p><\/div>\n\t\t\t<\/div>\n\t\t\t<\/div><div class=\"et_d4_element et_pb_column_1_3 et_pb_column et_pb_column_2  et_pb_css_mix_blend_mode et-last-child et_block_column\">\n\t\t\t\t\n\t\t\t\t\n\t\t\t\t\n\t\t\t\t\n\t\t\t\t<div class=\"et_pb_with_border et_pb_module et_d4_element et_pb_image et_pb_image_2\">\n\t\t\t\t\n\t\t\t\t\n\t\t\t\t\n\t\t\t\t\n\t\t\t\t<a href=\"http:\/\/premiumbananas.cz\"><span class=\"et_pb_image_wrap\"><img loading=\"lazy\" decoding=\"async\" width=\"854\" height=\"854\" src=\"http:\/\/jandufek.cz\/wp-content\/uploads\/2021\/02\/bananas-logo-circle.png\" alt=\"\" title=\"\" srcset=\"https:\/\/jandufek.cz\/wp-content\/uploads\/2021\/02\/bananas-logo-circle.png 854w, https:\/\/jandufek.cz\/wp-content\/uploads\/2021\/02\/bananas-logo-circle-480x480.png 480w\" sizes=\"(min-width: 0px) and (max-width: 480px) 480px, (min-width: 481px) 854px, 100vw\" class=\"wp-image-1889\" \/><\/span><\/a>\n\t\t\t<\/div><div class=\"et_pb_module et_d4_element et_pb_text et_pb_text_2  et_pb_text_align_left et_pb_bg_layout_light\">\n\t\t\t\t\n\t\t\t\t\n\t\t\t\t\n\t\t\t\t\n\t\t\t\t<div class=\"et_pb_text_inner\"><p style=\"text-align: center;\"><b>Premium Bananas<\/b><\/p>\n<p style=\"text-align: center;\">Z\u00e1bavn\u00e1 produkce. Tvorba obsahu. Po\u0159ady na netu a hromada legrace.\u00a0<\/p><\/div>\n\t\t\t<\/div>\n\t\t\t<\/div>\n\t\t\t\t\n\t\t\t\t\n\t\t\t\t\n\t\t\t\t\n\t\t\t<\/div><div class=\"et_d4_element et_pb_row et_pb_row_1  et_pb_css_mix_blend_mode et_block_row\">\n\t\t\t\t<div class=\"et_d4_element et_pb_column_1_3 et_pb_column et_pb_column_3  et_pb_css_mix_blend_mode et_block_column\">\n\t\t\t\t\n\t\t\t\t\n\t\t\t\t\n\t\t\t\t\n\t\t\t\t<div class=\"et_pb_with_border et_pb_module et_d4_element et_pb_image et_pb_image_3\">\n\t\t\t\t\n\t\t\t\t\n\t\t\t\t\n\t\t\t\t\n\t\t\t\t<a href=\"http:\/\/rodina20.cz\"><span class=\"et_pb_image_wrap\"><img loading=\"lazy\" decoding=\"async\" width=\"1500\" height=\"1500\" src=\"http:\/\/jandufek.cz\/wp-content\/uploads\/2015\/11\/LOGO-SQUARE.jpg\" alt=\"\" title=\"\" srcset=\"https:\/\/jandufek.cz\/wp-content\/uploads\/2015\/11\/LOGO-SQUARE.jpg 1500w, https:\/\/jandufek.cz\/wp-content\/uploads\/2015\/11\/LOGO-SQUARE-145x145.jpg 145w, https:\/\/jandufek.cz\/wp-content\/uploads\/2015\/11\/LOGO-SQUARE-300x300.jpg 300w, https:\/\/jandufek.cz\/wp-content\/uploads\/2015\/11\/LOGO-SQUARE-785x785.jpg 785w, https:\/\/jandufek.cz\/wp-content\/uploads\/2015\/11\/LOGO-SQUARE-1080x1080.jpg 1080w\" sizes=\"(max-width: 1500px) 100vw, 1500px\" class=\"wp-image-1184\" \/><\/span><\/a>\n\t\t\t<\/div><div class=\"et_pb_module et_d4_element et_pb_text et_pb_text_3  et_pb_text_align_left et_pb_bg_layout_light\">\n\t\t\t\t\n\t\t\t\t\n\t\t\t\t\n\t\t\t\t\n\t\t\t\t<div class=\"et_pb_text_inner\"><p style=\"text-align: center;\"><strong>RODINA20.CZ<\/strong><\/p>\n<p style=\"text-align: center;\">Informace a rozhovory o rodin\u011b, v\u00fdchov\u011b a vzd\u011bl\u00e1v\u00e1n\u00ed v postpa\u00edrov\u00e9 dob\u011b.<\/p><\/div>\n\t\t\t<\/div>\n\t\t\t<\/div><div class=\"et_d4_element et_pb_column_1_3 et_pb_column et_pb_column_4  et_pb_css_mix_blend_mode et_block_column et_pb_column_empty\">\n\t\t\t\t\n\t\t\t\t\n\t\t\t\t\n\t\t\t\t\n\t\t\t\t\n\t\t\t<\/div><div class=\"et_d4_element et_pb_column_1_3 et_pb_column et_pb_column_5  et_pb_css_mix_blend_mode et-last-child et_block_column\">\n\t\t\t\t\n\t\t\t\t\n\t\t\t\t\n\t\t\t\t\n\t\t\t\t<div class=\"et_pb_with_border et_pb_module et_d4_element et_pb_image et_pb_image_4\">\n\t\t\t\t\n\t\t\t\t\n\t\t\t\t\n\t\t\t\t\n\t\t\t\t<a href=\"http:\/\/runfree.cz\"><span class=\"et_pb_image_wrap\"><img loading=\"lazy\" decoding=\"async\" width=\"300\" height=\"300\" src=\"http:\/\/jandufek.cz\/wp-content\/uploads\/2015\/11\/AH_300x300.jpg\" alt=\"\" title=\"\" srcset=\"https:\/\/jandufek.cz\/wp-content\/uploads\/2015\/11\/AH_300x300.jpg 300w, https:\/\/jandufek.cz\/wp-content\/uploads\/2015\/11\/AH_300x300-145x145.jpg 145w\" sizes=\"(max-width: 300px) 100vw, 300px\" class=\"wp-image-1192\" \/><\/span><\/a>\n\t\t\t<\/div><div class=\"et_pb_module et_d4_element et_pb_text et_pb_text_4  et_pb_text_align_left et_pb_bg_layout_light\">\n\t\t\t\t\n\t\t\t\t\n\t\t\t\t\n\t\t\t\t\n\t\t\t\t<div class=\"et_pb_text_inner\"><p style=\"text-align: center;\"><b>AdHACKERS<\/b><\/p>\n<p style=\"text-align: center;\">Hacknout se d\u00e1\u00a0v\u0161echno. V\u010detn\u011b reklamy.<\/p><\/div>\n\t\t\t<\/div>\n\t\t\t<\/div>\n\t\t\t\t\n\t\t\t\t\n\t\t\t\t\n\t\t\t\t\n\t\t\t<\/div>\n\t\t\t\t\n\t\t\t\t\n\t\t\t<\/div><\/p>","protected":false},"excerpt":{"rendered":"","protected":false},"author":1,"featured_media":0,"parent":0,"menu_order":0,"comment_status":"closed","ping_status":"closed","template":"page-template-blank.php","meta":{"_et_pb_use_builder":"on","_et_pb_old_content":"","_et_gb_content_width":"","footnotes":""},"class_list":["post-1183","page","type-page","status-publish","hentry"],"_links":{"self":[{"href":"https:\/\/jandufek.cz\/en\/wp-json\/wp\/v2\/pages\/1183","targetHints":{"allow":["GET"]}}],"collection":[{"href":"https:\/\/jandufek.cz\/en\/wp-json\/wp\/v2\/pages"}],"about":[{"href":"https:\/\/jandufek.cz\/en\/wp-json\/wp\/v2\/types\/page"}],"author":[{"embeddable":true,"href":"https:\/\/jandufek.cz\/en\/wp-json\/wp\/v2\/users\/1"}],"replies":[{"embeddable":true,"href":"https:\/\/jandufek.cz\/en\/wp-json\/wp\/v2\/comments?post=1183"}],"version-history":[{"count":12,"href":"https:\/\/jandufek.cz\/en\/wp-json\/wp\/v2\/pages\/1183\/revisions"}],"predecessor-version":[{"id":1896,"href":"https:\/\/jandufek.cz\/en\/wp-json\/wp\/v2\/pages\/1183\/revisions\/1896"}],"wp:attachment":[{"href":"https:\/\/jandufek.cz\/en\/wp-json\/wp\/v2\/media?parent=1183"}],"curies":[{"name":"wp","href":"https:\/\/api.w.org\/{rel}","templated":true}]}}