{"id":1214,"date":"2015-11-23T21:13:41","date_gmt":"2015-11-23T21:13:41","guid":{"rendered":"https:\/?page_id=1214"},"modified":"2021-01-19T13:53:27","modified_gmt":"2021-01-19T13:53:27","slug":"rozhovory","status":"publish","type":"page","link":"https:\/\/jandufek.cz\/en\/rozhovory\/","title":{"rendered":"rozhovory"},"content":{"rendered":"<p><div class=\"et_d4_element et_pb_section et_pb_section_1  et_pb_css_mix_blend_mode et_pb_fullwidth_section et_section_regular et_pb_section--with-menu et_block_section\" >\n\t\t\t\t\n\t\t\t\t\n\t\t\t\t\n\t\t\t\t\n\t\t\t\t\n\t\t\t\t\n\t\t\t\t<div class=\"et_pb_module et_d4_element et_pb_fullwidth_menu et_pb_fullwidth_menu_0 et_pb_bg_layout_light  et_pb_text_align_right et_dropdown_animation_fade et_pb_fullwidth_menu--with-logo et_pb_fullwidth_menu--style-left_aligned  et_pb_css_mix_blend_mode\">\n\t\t\t\t\t\n\t\t\t\t\t\n\t\t\t\t\t\n\t\t\t\t\t\n\t\t\t\t\t<div class=\"et_pb_row clearfix\">\n\t\t\t\t\t\t<div class=\"et_pb_menu__logo-wrap\">\n\t\t\t  <div class=\"et_pb_menu__logo\">\n\t\t\t\t<a href=\"https:\/\/\/en\/\" ><img loading=\"lazy\" decoding=\"async\" width=\"1885\" height=\"1217\" src=\"http:\/\/jandufek.cz\/wp-content\/uploads\/2020\/05\/jandufekcz.png\" alt=\"\" srcset=\"https:\/\/jandufek.cz\/wp-content\/uploads\/2020\/05\/jandufekcz.png 1885w, https:\/\/jandufek.cz\/wp-content\/uploads\/2020\/05\/jandufekcz-1280x826.png 1280w, https:\/\/jandufek.cz\/wp-content\/uploads\/2020\/05\/jandufekcz-980x633.png 980w, https:\/\/jandufek.cz\/wp-content\/uploads\/2020\/05\/jandufekcz-480x310.png 480w\" sizes=\"(min-width: 0px) and (max-width: 480px) 480px, (min-width: 481px) and (max-width: 980px) 980px, (min-width: 981px) and (max-width: 1280px) 1280px, (min-width: 1281px) 1885px, 100vw\" class=\"wp-image-1615\" \/><\/a>\n\t\t\t  <\/div>\n\t\t\t<\/div>\n\t\t\t\t\t\t<div class=\"et_pb_menu__wrap\">\n\t\t\t\t\t\t\t<div class=\"et_pb_menu__menu\">\n\t\t\t\t\t\t\t\t<nav class=\"et-menu-nav fullwidth-menu-nav\"><ul id=\"menu-main\" class=\"et-menu fullwidth-menu nav downwards\"><li id=\"menu-item-1039\" class=\"et_pb_menu_page_id-1037 menu-item menu-item-type-post_type menu-item-object-page menu-item-1039\"><a href=\"https:\/\/jandufek.cz\/en\/portfolio\/\">PORTFOLIO<\/a><\/li>\n<li id=\"menu-item-1085\" class=\"et_pb_menu_page_id-1083 menu-item menu-item-type-post_type menu-item-object-page menu-item-1085\"><a href=\"https:\/\/jandufek.cz\/en\/blog\/\">BLOG<\/a><\/li>\n<li id=\"menu-item-1274\" class=\"et_pb_menu_page_id-1115 menu-item menu-item-type-post_type menu-item-object-page menu-item-1274\"><a href=\"https:\/\/jandufek.cz\/en\/skicak\/\">SKITCH<\/a><\/li>\n<li id=\"menu-item-1276\" class=\"et_pb_menu_page_id-1266 menu-item menu-item-type-post_type menu-item-object-page menu-item-1276\"><a href=\"https:\/\/jandufek.cz\/en\/now\/\">NOW<\/a><\/li>\n<\/ul><\/nav>\n\t\t\t\t\t\t\t<\/div>\n\t\t\t\t\t\t\t\n\t\t\t\t\t\t\t\n\t\t\t\t\t\t\t<div class=\"et_mobile_nav_menu\">\n\t\t\t\t<div class=\"mobile_nav closed\">\n\t\t\t\t\t<span class=\"mobile_menu_bar\"><\/span>\n\t\t\t\t<\/div>\n\t\t\t<\/div>\n\t\t\t\t\t\t<\/div>\n\t\t\t\t\t\t\n\t\t\t\t\t<\/div>\n\t\t\t\t<\/div>\n\t\t\t\t\n\t\t\t\t\n\t\t\t<\/div><div class=\"et_d4_element et_pb_section et_pb_section_2  et_pb_css_mix_blend_mode et_section_regular section_has_divider et_pb_top_divider et_block_section\" >\n\t\t\t\t<div class=\"et_pb_top_inside_divider et-no-transition\"><\/div>\n\t\t\t\t\n\t\t\t\t\n\t\t\t\t\n\t\t\t\t\n\t\t\t\t\n\t\t\t\t<div class=\"et_d4_element et_pb_row et_pb_row_0  et_pb_css_mix_blend_mode et_block_row\">\n\t\t\t\t<div class=\"et_d4_element et_pb_column_1_3 et_pb_column et_pb_column_0  et_pb_css_mix_blend_mode et_block_column\">\n\t\t\t\t\n\t\t\t\t\n\t\t\t\t\n\t\t\t\t\n\t\t\t\t<div class=\"et_pb_with_border et_pb_module et_d4_element et_pb_image et_pb_image_0\">\n\t\t\t\t\n\t\t\t\t\n\t\t\t\t\n\t\t\t\t\n\t\t\t\t<a href=\"http:\/\/www.runfree.cz\/2015\/09\/radek-brunner-prebehas-vsechno\/\"><span class=\"et_pb_image_wrap\"><img loading=\"lazy\" decoding=\"async\" width=\"305\" height=\"305\" src=\"http:\/\/jandufek.cz\/wp-content\/uploads\/2015\/11\/rozhovor_brunner_square.jpg\" alt=\"\" title=\"\" srcset=\"https:\/\/jandufek.cz\/wp-content\/uploads\/2015\/11\/rozhovor_brunner_square.jpg 305w, https:\/\/jandufek.cz\/wp-content\/uploads\/2015\/11\/rozhovor_brunner_square-145x145.jpg 145w, https:\/\/jandufek.cz\/wp-content\/uploads\/2015\/11\/rozhovor_brunner_square-300x300.jpg 300w\" sizes=\"(max-width: 305px) 100vw, 305px\" class=\"wp-image-1215\" \/><\/span><\/a>\n\t\t\t<\/div><div class=\"et_pb_module et_d4_element et_pb_text et_pb_text_0  et_pb_text_align_left et_pb_bg_layout_light\">\n\t\t\t\t\n\t\t\t\t\n\t\t\t\t\n\t\t\t\t\n\t\t\t\t<div class=\"et_pb_text_inner\"><p style=\"text-align: center;\">\u00a0<strong>Radek Brunner<\/strong><\/p>\n<p style=\"text-align: center;\">Rozhovor s Radkem Brunnerem, mistrem republiky v b\u011bhu na 100 kilometr\u016f, b\u011bhu na 24 hodin, \u010dlov\u011bkem, pro kter\u00e9ho \u017e\u00e1dn\u00fd b\u011bh nen\u00ed dost dlouh\u00fd a probl\u00e9my se p\u0159eb\u011bh\u00e1vaj\u00ed.<\/p>\n<p>&nbsp;<\/p><\/div>\n\t\t\t<\/div>\n\t\t\t<\/div><div class=\"et_d4_element et_pb_column_1_3 et_pb_column et_pb_column_1  et_pb_css_mix_blend_mode et_block_column\">\n\t\t\t\t\n\t\t\t\t\n\t\t\t\t\n\t\t\t\t\n\t\t\t\t<div class=\"et_pb_with_border et_pb_module et_d4_element et_pb_image et_pb_image_1\">\n\t\t\t\t\n\t\t\t\t\n\t\t\t\t\n\t\t\t\t\n\t\t\t\t<a href=\"http:\/\/rodina20.cz\/petr-mara-rozhovor\/\"><span class=\"et_pb_image_wrap\"><img loading=\"lazy\" decoding=\"async\" width=\"305\" height=\"305\" src=\"http:\/\/jandufek.cz\/wp-content\/uploads\/2015\/11\/rozhovor_petrmara_square.jpg\" alt=\"\" title=\"\" srcset=\"https:\/\/jandufek.cz\/wp-content\/uploads\/2015\/11\/rozhovor_petrmara_square.jpg 305w, https:\/\/jandufek.cz\/wp-content\/uploads\/2015\/11\/rozhovor_petrmara_square-145x145.jpg 145w, https:\/\/jandufek.cz\/wp-content\/uploads\/2015\/11\/rozhovor_petrmara_square-300x300.jpg 300w\" sizes=\"(max-width: 305px) 100vw, 305px\" class=\"wp-image-1217\" \/><\/span><\/a>\n\t\t\t<\/div><div class=\"et_pb_module et_d4_element et_pb_text et_pb_text_1  et_pb_text_align_left et_pb_bg_layout_light\">\n\t\t\t\t\n\t\t\t\t\n\t\t\t\t\n\t\t\t\t\n\t\t\t\t<div class=\"et_pb_text_inner\"><p style=\"text-align: center;\">\u00a0<strong>Petr M\u00e1ra<\/strong><\/p>\n<p style=\"text-align: center;\">Pov\u00edd\u00e1n\u00ed s Petrem M\u00e1rou o rodin\u011b v dob\u011b internet\u016f, tablet\u016f, i\u017divota a obecn\u00e9ho nadbytku informac\u00ed.<\/p>\n<p>&nbsp;<\/p><\/div>\n\t\t\t<\/div>\n\t\t\t<\/div><div class=\"et_d4_element et_pb_column_1_3 et_pb_column et_pb_column_2  et_pb_css_mix_blend_mode et-last-child et_block_column\">\n\t\t\t\t\n\t\t\t\t\n\t\t\t\t\n\t\t\t\t\n\t\t\t\t<div class=\"et_pb_module et_d4_element et_pb_image et_pb_image_2\">\n\t\t\t\t\n\t\t\t\t\n\t\t\t\t\n\t\t\t\t\n\t\t\t\t<a href=\"http:\/\/zivotv.cz\/2020\/04\/22\/jirka-madl-karantena-s-kartackem\/\"><span class=\"et_pb_image_wrap\"><img loading=\"lazy\" decoding=\"async\" width=\"1000\" height=\"1000\" src=\"http:\/\/jandufek.cz\/wp-content\/uploads\/2020\/06\/madl-tit-S-copy.jpg\" alt=\"\" title=\"\" srcset=\"https:\/\/jandufek.cz\/wp-content\/uploads\/2020\/06\/madl-tit-S-copy.jpg 1000w, https:\/\/jandufek.cz\/wp-content\/uploads\/2020\/06\/madl-tit-S-copy-980x980.jpg 980w, https:\/\/jandufek.cz\/wp-content\/uploads\/2020\/06\/madl-tit-S-copy-480x480.jpg 480w\" sizes=\"(min-width: 0px) and (max-width: 480px) 480px, (min-width: 481px) and (max-width: 980px) 980px, (min-width: 981px) 1000px, 100vw\" class=\"wp-image-1773\" \/><\/span><\/a>\n\t\t\t<\/div><div class=\"et_pb_module et_d4_element et_pb_text et_pb_text_2  et_pb_text_align_left et_pb_bg_layout_light\">\n\t\t\t\t\n\t\t\t\t\n\t\t\t\t\n\t\t\t\t\n\t\t\t\t<div class=\"et_pb_text_inner\"><p style=\"text-align: center;\"><strong>Jirka M\u00e1dl<\/strong><\/p>\n<p style=\"text-align: center;\">Jak p\u0159e\u017e\u00edt karant\u00e9nu s kart\u00e1\u010dkem a jak nechat vybuchnout Mars.<\/p>\n<p>&nbsp;<\/p><\/div>\n\t\t\t<\/div>\n\t\t\t<\/div>\n\t\t\t\t\n\t\t\t\t\n\t\t\t\t\n\t\t\t\t\n\t\t\t<\/div><div class=\"et_d4_element et_pb_row et_pb_row_1  et_pb_css_mix_blend_mode et_block_row\">\n\t\t\t\t<div class=\"et_d4_element et_pb_column_1_3 et_pb_column et_pb_column_3  et_pb_css_mix_blend_mode et_block_column\">\n\t\t\t\t\n\t\t\t\t\n\t\t\t\t\n\t\t\t\t\n\t\t\t\t<div class=\"et_pb_with_border et_pb_module et_d4_element et_pb_image et_pb_image_3\">\n\t\t\t\t\n\t\t\t\t\n\t\t\t\t\n\t\t\t\t\n\t\t\t\t<a href=\"http:\/\/zivotv.cz\/2020\/06\/24\/ondrej-kavan-nic-nemusi-byt-hned\/\"><span class=\"et_pb_image_wrap\"><img loading=\"lazy\" decoding=\"async\" width=\"1000\" height=\"1000\" src=\"http:\/\/jandufek.cz\/wp-content\/uploads\/2021\/01\/kavan-tit.jpg\" alt=\"\" title=\"\" srcset=\"https:\/\/jandufek.cz\/wp-content\/uploads\/2021\/01\/kavan-tit.jpg 1000w, https:\/\/jandufek.cz\/wp-content\/uploads\/2021\/01\/kavan-tit-980x980.jpg 980w, https:\/\/jandufek.cz\/wp-content\/uploads\/2021\/01\/kavan-tit-480x480.jpg 480w\" sizes=\"(min-width: 0px) and (max-width: 480px) 480px, (min-width: 481px) and (max-width: 980px) 980px, (min-width: 981px) 1000px, 100vw\" class=\"wp-image-1860\" \/><\/span><\/a>\n\t\t\t<\/div><div class=\"et_pb_module et_d4_element et_pb_text et_pb_text_3  et_pb_text_align_left et_pb_bg_layout_light\">\n\t\t\t\t\n\t\t\t\t\n\t\t\t\t\n\t\t\t\t\n\t\t\t\t<div class=\"et_pb_text_inner\"><p style=\"text-align: center;\"><strong>Ond\u0159ej Kavan<\/strong><\/p>\n<p style=\"text-align: center;\">Herec Ond\u0159ej Kavan a jeho p\u0159\u00edb\u011bhy z karant\u00e9ny jara 2020.<\/p>\n<p>&nbsp;<\/p><\/div>\n\t\t\t<\/div>\n\t\t\t<\/div><div class=\"et_d4_element et_pb_column_1_3 et_pb_column et_pb_column_4  et_pb_css_mix_blend_mode et_block_column\">\n\t\t\t\t\n\t\t\t\t\n\t\t\t\t\n\t\t\t\t\n\t\t\t\t<div class=\"et_pb_with_border et_pb_module et_d4_element et_pb_image et_pb_image_4\">\n\t\t\t\t\n\t\t\t\t\n\t\t\t\t\n\t\t\t\t\n\t\t\t\t<a href=\"http:\/\/www.runfree.cz\/2015\/09\/radek-brunner-prebehas-vsechno\/\"><span class=\"et_pb_image_wrap\"><img loading=\"lazy\" decoding=\"async\" width=\"720\" height=\"720\" src=\"http:\/\/jandufek.cz\/wp-content\/uploads\/2015\/11\/YONATHAN_BANNERSQUARE.jpg\" alt=\"\" title=\"\" srcset=\"https:\/\/jandufek.cz\/wp-content\/uploads\/2015\/11\/YONATHAN_BANNERSQUARE.jpg 720w, https:\/\/jandufek.cz\/wp-content\/uploads\/2015\/11\/YONATHAN_BANNERSQUARE-145x145.jpg 145w, https:\/\/jandufek.cz\/wp-content\/uploads\/2015\/11\/YONATHAN_BANNERSQUARE-300x300.jpg 300w\" sizes=\"(max-width: 720px) 100vw, 720px\" class=\"wp-image-1261\" \/><\/span><\/a>\n\t\t\t<\/div><div class=\"et_pb_module et_d4_element et_pb_text et_pb_text_4  et_pb_text_align_left et_pb_bg_layout_light\">\n\t\t\t\t\n\t\t\t\t\n\t\t\t\t\n\t\t\t\t\n\t\t\t\t<div class=\"et_pb_text_inner\"><p style=\"text-align: center;\"><strong>Yonathan Dominitz<\/strong><\/p>\n<p style=\"text-align: center;\">Rozhovor s Yonathanem Dominitzem, \u0161\u00e9fem Mindscapes, firmy, kter\u00e1 \u0161kol\u00ed reklamn\u00ed kreativce a hled\u00e1 nov\u00e9 p\u0159\u00edstupy a postupy v propagaci.<\/p>\n<p>&nbsp;<\/div>\n\t\t\t<\/div>\n\t\t\t<\/div><div class=\"et_d4_element et_pb_column_1_3 et_pb_column et_pb_column_5  et_pb_css_mix_blend_mode et-last-child et_block_column\">\n\t\t\t\t\n\t\t\t\t\n\t\t\t\t\n\t\t\t\t\n\t\t\t\t<div class=\"et_pb_with_border et_pb_module et_d4_element et_pb_image et_pb_image_5\">\n\t\t\t\t\n\t\t\t\t\n\t\t\t\t\n\t\t\t\t\n\t\t\t\t<a href=\"http:\/\/www.runfree.cz\/2015\/12\/michaeldobias\/\"><span class=\"et_pb_image_wrap\"><img loading=\"lazy\" decoding=\"async\" width=\"720\" height=\"720\" src=\"http:\/\/jandufek.cz\/wp-content\/uploads\/2015\/11\/DOBIAS_BANNERSQUARE.jpg\" alt=\"\" title=\"\" srcset=\"https:\/\/jandufek.cz\/wp-content\/uploads\/2015\/11\/DOBIAS_BANNERSQUARE.jpg 720w, https:\/\/jandufek.cz\/wp-content\/uploads\/2015\/11\/DOBIAS_BANNERSQUARE-145x145.jpg 145w, https:\/\/jandufek.cz\/wp-content\/uploads\/2015\/11\/DOBIAS_BANNERSQUARE-300x300.jpg 300w\" sizes=\"(max-width: 720px) 100vw, 720px\" class=\"wp-image-1287\" \/><\/span><\/a>\n\t\t\t<\/div><div class=\"et_pb_module et_d4_element et_pb_text et_pb_text_5  et_pb_text_align_left et_pb_bg_layout_light\">\n\t\t\t\t\n\t\t\t\t\n\t\t\t\t\n\t\t\t\t\n\t\t\t\t<div class=\"et_pb_text_inner\"><p style=\"text-align: center;\"><strong>Michael Dobi\u00e1\u0161<\/strong><\/p>\n<p style=\"text-align: center;\">Ve\u010dern\u00ed seance s Michalem Dobi\u00e1\u0161em, b\u011b\u017ecem, obchodn\u00edkem a \u0159editelem z\u00e1vodu \u0160utr54.<\/p>\n<p>&nbsp;<\/div>\n\t\t\t<\/div>\n\t\t\t<\/div>\n\t\t\t\t\n\t\t\t\t\n\t\t\t\t\n\t\t\t\t\n\t\t\t<\/div><div class=\"et_d4_element et_pb_row et_pb_row_2  et_pb_css_mix_blend_mode et_block_row\">\n\t\t\t\t<div class=\"et_d4_element et_pb_column_1_3 et_pb_column et_pb_column_6  et_pb_css_mix_blend_mode et_block_column et_pb_column_empty\">\n\t\t\t\t\n\t\t\t\t\n\t\t\t\t\n\t\t\t\t\n\t\t\t\t\n\t\t\t<\/div><div class=\"et_d4_element et_pb_column_1_3 et_pb_column et_pb_column_7  et_pb_css_mix_blend_mode et_block_column\">\n\t\t\t\t\n\t\t\t\t\n\t\t\t\t\n\t\t\t\t\n\t\t\t\t<div class=\"et_pb_with_border et_pb_module et_d4_element et_pb_image et_pb_image_6\">\n\t\t\t\t\n\t\t\t\t\n\t\t\t\t\n\t\t\t\t\n\t\t\t\t<a href=\"http:\/\/rodina20.cz\/jan-vavra-rozhovor\/\"><span class=\"et_pb_image_wrap\"><img loading=\"lazy\" decoding=\"async\" width=\"305\" height=\"305\" src=\"http:\/\/jandufek.cz\/wp-content\/uploads\/2015\/11\/rozhovor_janvavra_square.jpg\" alt=\"\" title=\"\" srcset=\"https:\/\/jandufek.cz\/wp-content\/uploads\/2015\/11\/rozhovor_janvavra_square.jpg 305w, https:\/\/jandufek.cz\/wp-content\/uploads\/2015\/11\/rozhovor_janvavra_square-145x145.jpg 145w, https:\/\/jandufek.cz\/wp-content\/uploads\/2015\/11\/rozhovor_janvavra_square-300x300.jpg 300w\" sizes=\"(max-width: 305px) 100vw, 305px\" class=\"wp-image-1216\" \/><\/span><\/a>\n\t\t\t<\/div><div class=\"et_pb_module et_d4_element et_pb_text et_pb_text_6  et_pb_text_align_left et_pb_bg_layout_light\">\n\t\t\t\t\n\t\t\t\t\n\t\t\t\t\n\t\t\t\t\n\t\t\t\t<div class=\"et_pb_text_inner\"><p style=\"text-align: center;\"><b>Jan V\u00e1vra<\/b><\/p>\n<p style=\"text-align: center;\">O v\u00fdchov\u011b a rodin\u011b s terapeutem Janem V\u00e1vrou.<\/p>\n<p>&nbsp;<\/p><\/div>\n\t\t\t<\/div>\n\t\t\t<\/div><div class=\"et_d4_element et_pb_column_1_3 et_pb_column et_pb_column_8  et_pb_css_mix_blend_mode et-last-child et_block_column et_pb_column_empty\">\n\t\t\t\t\n\t\t\t\t\n\t\t\t\t\n\t\t\t\t\n\t\t\t\t\n\t\t\t<\/div>\n\t\t\t\t\n\t\t\t\t\n\t\t\t\t\n\t\t\t\t\n\t\t\t<\/div>\n\t\t\t\t\n\t\t\t\t\n\t\t\t<\/div><\/p>","protected":false},"excerpt":{"rendered":"","protected":false},"author":1,"featured_media":0,"parent":0,"menu_order":0,"comment_status":"closed","ping_status":"closed","template":"page-template-blank.php","meta":{"_et_pb_use_builder":"on","_et_pb_old_content":"<p>[et_pb_section admin_label=\"section\"][et_pb_row admin_label=\"Row\"][et_pb_column type=\"1_3\"][et_pb_image admin_label=\"Image\" src=\"http:\/\/jandufek.cz\/wp-content\/uploads\/2015\/11\/LOGO-SQUARE.jpg\" show_in_lightbox=\"off\" url_new_window=\"off\" animation=\"off\" sticky=\"off\" align=\"left\" force_fullwidth=\"off\" always_center_on_mobile=\"on\" use_border_color=\"on\" border_color=\"#e5e5e5\" border_style=\"solid\" url=\"rodina20.cz\"]<br \/> [\/et_pb_image][et_pb_text admin_label=\"Text\" background_layout=\"light\" text_orientation=\"left\" text_font_size=\"14\" use_border_color=\"off\" border_color=\"#ffffff\" border_style=\"solid\"]<\/p><p style=\"text-align: center;\"><strong>RODINA20.CZ<\/strong><\/p><p style=\"text-align: center;\">Informace a rozhovory o rodin\u011b, v\u00fdchov\u011b a vzd\u011bl\u00e1v\u00e1n\u00ed v postpa\u00edrov\u00e9 dob\u011b.<\/p><p>[\/et_pb_text][\/et_pb_column][et_pb_column type=\"1_3\"][et_pb_image admin_label=\"Image\" src=\"http:\/\/jandufek.cz\/wp-content\/uploads\/2015\/11\/RF-SIMPLE-LOGO.jpg\" show_in_lightbox=\"off\" url_new_window=\"off\" animation=\"off\" sticky=\"off\" align=\"left\" force_fullwidth=\"off\" always_center_on_mobile=\"on\" use_border_color=\"on\" border_color=\"#e5e5e5\" border_style=\"solid\" url=\"http:\/\/runfree.cz\"]<br \/> [\/et_pb_image][et_pb_text admin_label=\"Text\" background_layout=\"light\" text_orientation=\"left\" text_font_size=\"14\" use_border_color=\"off\" border_color=\"#ffffff\" border_style=\"solid\"]<\/p><p style=\"text-align: center;\"><strong>RUNFREE.CZ<\/strong><\/p><p style=\"text-align: center;\">Posedlost\u00a0b\u011bhem transformovan\u00e1 do podoby webu.<\/p><p>[\/et_pb_text][\/et_pb_column][et_pb_column type=\"1_3\"][et_pb_image admin_label=\"Image\" src=\"http:\/\/jandufek.cz\/wp-content\/uploads\/2015\/11\/AH_300x300.jpg\" show_in_lightbox=\"off\" url_new_window=\"off\" animation=\"off\" sticky=\"off\" align=\"left\" force_fullwidth=\"off\" always_center_on_mobile=\"on\" use_border_color=\"on\" border_color=\"#e5e5e5\" border_style=\"solid\" url=\"http:\/\/runfree.cz\"]<br \/> [\/et_pb_image][et_pb_text admin_label=\"Text\" background_layout=\"light\" text_orientation=\"left\" text_font_size=\"14\" use_border_color=\"off\" border_color=\"#ffffff\" border_style=\"solid\"]<\/p><p style=\"text-align: center;\"><b>AdHACKERS<\/b><\/p><p style=\"text-align: center;\">Hacknout se d\u00e1\u00a0v\u0161echno. V\u010detn\u011b reklamy.<\/p><p>[\/et_pb_text][\/et_pb_column][\/et_pb_row][\/et_pb_section]<\/p>","_et_gb_content_width":"","footnotes":""},"class_list":["post-1214","page","type-page","status-publish","hentry"],"_links":{"self":[{"href":"https:\/\/jandufek.cz\/en\/wp-json\/wp\/v2\/pages\/1214","targetHints":{"allow":["GET"]}}],"collection":[{"href":"https:\/\/jandufek.cz\/en\/wp-json\/wp\/v2\/pages"}],"about":[{"href":"https:\/\/jandufek.cz\/en\/wp-json\/wp\/v2\/types\/page"}],"author":[{"embeddable":true,"href":"https:\/\/jandufek.cz\/en\/wp-json\/wp\/v2\/users\/1"}],"replies":[{"embeddable":true,"href":"https:\/\/jandufek.cz\/en\/wp-json\/wp\/v2\/comments?post=1214"}],"version-history":[{"count":14,"href":"https:\/\/jandufek.cz\/en\/wp-json\/wp\/v2\/pages\/1214\/revisions"}],"predecessor-version":[{"id":1864,"href":"https:\/\/jandufek.cz\/en\/wp-json\/wp\/v2\/pages\/1214\/revisions\/1864"}],"wp:attachment":[{"href":"https:\/\/jandufek.cz\/en\/wp-json\/wp\/v2\/media?parent=1214"}],"curies":[{"name":"wp","href":"https:\/\/api.w.org\/{rel}","templated":true}]}}