{"id":1266,"date":"2016-01-04T22:55:37","date_gmt":"2016-01-04T22:55:37","guid":{"rendered":"https:\/?page_id=1266"},"modified":"2020-09-01T11:05:13","modified_gmt":"2020-09-01T11:05:13","slug":"now","status":"publish","type":"page","link":"https:\/\/jandufek.cz\/en\/now\/","title":{"rendered":"now"},"content":{"rendered":"<p><div class=\"et_d4_element et_pb_section et_pb_section_1  et_pb_css_mix_blend_mode et_pb_fullwidth_section et_section_regular et_pb_section--with-menu et_block_section\" >\n\t\t\t\t\n\t\t\t\t\n\t\t\t\t\n\t\t\t\t\n\t\t\t\t\n\t\t\t\t\n\t\t\t\t<div class=\"et_pb_module et_d4_element et_pb_fullwidth_menu et_pb_fullwidth_menu_0 et_pb_bg_layout_light  et_pb_text_align_right et_dropdown_animation_fade et_pb_fullwidth_menu--with-logo et_pb_fullwidth_menu--style-left_aligned  et_pb_css_mix_blend_mode\">\n\t\t\t\t\t\n\t\t\t\t\t\n\t\t\t\t\t\n\t\t\t\t\t\n\t\t\t\t\t<div class=\"et_pb_row clearfix\">\n\t\t\t\t\t\t<div class=\"et_pb_menu__logo-wrap\">\n\t\t\t  <div class=\"et_pb_menu__logo\">\n\t\t\t\t<a href=\"https:\/\/\/en\/\" ><img loading=\"lazy\" decoding=\"async\" width=\"1885\" height=\"1217\" src=\"http:\/\/jandufek.cz\/wp-content\/uploads\/2020\/05\/jandufekcz.png\" alt=\"\" srcset=\"https:\/\/jandufek.cz\/wp-content\/uploads\/2020\/05\/jandufekcz.png 1885w, https:\/\/jandufek.cz\/wp-content\/uploads\/2020\/05\/jandufekcz-1280x826.png 1280w, https:\/\/jandufek.cz\/wp-content\/uploads\/2020\/05\/jandufekcz-980x633.png 980w, https:\/\/jandufek.cz\/wp-content\/uploads\/2020\/05\/jandufekcz-480x310.png 480w\" sizes=\"(min-width: 0px) and (max-width: 480px) 480px, (min-width: 481px) and (max-width: 980px) 980px, (min-width: 981px) and (max-width: 1280px) 1280px, (min-width: 1281px) 1885px, 100vw\" class=\"wp-image-1615\" \/><\/a>\n\t\t\t  <\/div>\n\t\t\t<\/div>\n\t\t\t\t\t\t<div class=\"et_pb_menu__wrap\">\n\t\t\t\t\t\t\t<div class=\"et_pb_menu__menu\">\n\t\t\t\t\t\t\t\t<nav class=\"et-menu-nav fullwidth-menu-nav\"><ul id=\"menu-main\" class=\"et-menu fullwidth-menu nav downwards\"><li id=\"menu-item-1039\" class=\"et_pb_menu_page_id-1037 menu-item menu-item-type-post_type menu-item-object-page menu-item-1039\"><a href=\"https:\/\/jandufek.cz\/en\/portfolio\/\">PORTFOLIO<\/a><\/li>\n<li id=\"menu-item-1085\" class=\"et_pb_menu_page_id-1083 menu-item menu-item-type-post_type menu-item-object-page menu-item-1085\"><a href=\"https:\/\/jandufek.cz\/en\/blog\/\">BLOG<\/a><\/li>\n<li id=\"menu-item-1274\" class=\"et_pb_menu_page_id-1115 menu-item menu-item-type-post_type menu-item-object-page menu-item-1274\"><a href=\"https:\/\/jandufek.cz\/en\/skicak\/\">SKITCH<\/a><\/li>\n<li id=\"menu-item-1276\" class=\"et_pb_menu_page_id-1266 menu-item menu-item-type-post_type menu-item-object-page menu-item-1276\"><a href=\"https:\/\/jandufek.cz\/en\/now\/\">NOW<\/a><\/li>\n<\/ul><\/nav>\n\t\t\t\t\t\t\t<\/div>\n\t\t\t\t\t\t\t\n\t\t\t\t\t\t\t\n\t\t\t\t\t\t\t<div class=\"et_mobile_nav_menu\">\n\t\t\t\t<div class=\"mobile_nav closed\">\n\t\t\t\t\t<span class=\"mobile_menu_bar\"><\/span>\n\t\t\t\t<\/div>\n\t\t\t<\/div>\n\t\t\t\t\t\t<\/div>\n\t\t\t\t\t\t\n\t\t\t\t\t<\/div>\n\t\t\t\t<\/div>\n\t\t\t\t\n\t\t\t\t\n\t\t\t<\/div><div class=\"et_d4_element et_pb_section et_pb_section_2  et_pb_css_mix_blend_mode et_section_regular section_has_divider et_pb_top_divider et_block_section\" >\n\t\t\t\t<div class=\"et_pb_top_inside_divider et-no-transition\"><\/div>\n\t\t\t\t\n\t\t\t\t\n\t\t\t\t\n\t\t\t\t\n\t\t\t\t\n\t\t\t\t<div class=\"et_d4_element et_pb_row et_pb_row_0  et_pb_css_mix_blend_mode et_block_row\">\n\t\t\t\t<div class=\"et_d4_element et_pb_column_4_4 et_pb_column et_pb_column_0  et_pb_css_mix_blend_mode et-last-child et_block_column\">\n\t\t\t\t\n\t\t\t\t\n\t\t\t\t\n\t\t\t\t\n\t\t\t\t<div class=\"et_pb_module et_d4_element et_pb_text et_pb_text_0  et_pb_text_align_center et_pb_bg_layout_light\">\n\t\t\t\t\n\t\t\t\t\n\t\t\t\t\n\t\t\t\t\n\t\t\t\t<div class=\"et_pb_text_inner\"><h2 style=\"text-align: center;\">NOW: Na \u010dem d\u011bl\u00e1m\u00a0te\u010f. <em>[What I'm working on right now]<\/em><\/h2><\/div>\n\t\t\t<\/div>\n\t\t\t<\/div>\n\t\t\t\t\n\t\t\t\t\n\t\t\t\t\n\t\t\t\t\n\t\t\t<\/div><div class=\"et_d4_element et_pb_row et_pb_row_1  et_pb_css_mix_blend_mode et_block_row\">\n\t\t\t\t<div class=\"et_d4_element et_pb_column_3_5 et_pb_column et_pb_column_1  et_pb_css_mix_blend_mode et_block_column\">\n\t\t\t\t\n\t\t\t\t\n\t\t\t\t\n\t\t\t\t\n\t\t\t\t<div class=\"et_pb_module et_d4_element et_pb_text et_pb_text_1  et_pb_text_align_left et_pb_bg_layout_light\">\n\t\t\t\t\n\t\t\t\t\n\t\t\t\t\n\t\t\t\t\n\t\t\t\t<div class=\"et_pb_text_inner\"><p>update: 1.9.2020:<\/p>\n<ul>\n<li>S Gender studies d\u011bl\u00e1m na perfektn\u00edm historickovzd\u011bl\u00e1vac\u00edm projektu (v\u00edc brzy).\u00a0<\/li>\n<li>S Michalem Deusem d\u011bl\u00e1me <a href=\"https:\/\/www.televizeseznam.cz\/porad\/rad-jim-nerad-varim\">po\u0159ad<\/a>.<\/li>\n<li>P\u0159em\u00fd\u0161l\u00edm.<\/li>\n<li>Raduju se.<\/li>\n<li>Facilituju social meditaci v <a href=\"https:\/\/www.buddhistgeeks.org\/sangha\">Buddhist Geeks sangha<\/a>.<span style=\"font-size: 14px;\">\u00a0<\/span><\/li>\n<\/ul>\n<p><em><\/em><\/p><\/div>\n\t\t\t<\/div>\n\t\t\t<\/div><div class=\"et_d4_element et_pb_column_2_5 et_pb_column et_pb_column_2  et_pb_css_mix_blend_mode et-last-child et_block_column\">\n\t\t\t\t\n\t\t\t\t\n\t\t\t\t\n\t\t\t\t\n\t\t\t\t<div class=\"et_pb_module et_d4_element et_pb_image et_pb_image_0\">\n\t\t\t\t\n\t\t\t\t\n\t\t\t\t\n\t\t\t\t\n\t\t\t\t<span class=\"et_pb_image_wrap\"><img loading=\"lazy\" decoding=\"async\" width=\"400\" height=\"362\" src=\"http:\/\/jandufek.cz\/wp-content\/uploads\/2020\/09\/jandufek-bw-small.png\" alt=\"\" title=\"\" srcset=\"https:\/\/jandufek.cz\/wp-content\/uploads\/2020\/09\/jandufek-bw-small.png 400w, https:\/\/jandufek.cz\/wp-content\/uploads\/2020\/09\/jandufek-bw-small-300x272.png 300w\" sizes=\"(max-width: 400px) 100vw, 400px\" class=\"wp-image-1791\" \/><\/span>\n\t\t\t<\/div>\n\t\t\t<\/div>\n\t\t\t\t\n\t\t\t\t\n\t\t\t\t\n\t\t\t\t\n\t\t\t<\/div><div class=\"et_d4_element et_pb_row et_pb_row_2  et_pb_css_mix_blend_mode et_block_row\">\n\t\t\t\t<div class=\"et_d4_element et_pb_column_3_5 et_pb_column et_pb_column_3  et_pb_css_mix_blend_mode et_block_column\">\n\t\t\t\t\n\t\t\t\t\n\t\t\t\t\n\t\t\t\t\n\t\t\t\t<div class=\"et_pb_module et_d4_element et_pb_text et_pb_text_2  et_pb_text_align_left et_pb_bg_layout_light\">\n\t\t\t\t\n\t\t\t\t\n\t\t\t\t\n\t\t\t\t\n\t\t\t\t<div class=\"et_pb_text_inner\"><p>update: 20.11.2018:<\/p>\n<ul>\n<li>Updatuju tenhle web, proto\u017ee je zoufale mimo.\u00a0<\/li>\n<li><a href=\"https:\/\/www.facebook.com\/PBTvaseliga\/photos\/ms.c.eJwtysEJADAMAsCNihpJzf6LlUC~;x9GAq1NAxtWHC~_ZcIBnpwy5Ldh7~;AQn~;.bps.t.1540822415\/1400440043422448\/?type=3&amp;theater\">B\u011bh\u00e1m<\/a>, tr\u00e9nuju a da\u0159\u00ed se.<\/li>\n<li>D\u011bl\u00e1m reklamy <a href=\"\/en\/www.adhackers.cz\/\">#adhackerscz<\/a><\/li>\n<li>Kresl\u00edm. T\u0159eba plak\u00e1t pro par\u00e1dn\u00ed podzimn\u00ed akci <a href=\"https:\/\/www.facebook.com\/luftovani\/\">LUFTOV\u00c1N\u00cd<\/a><\/li>\n<li>Fanaticky sleduju podcast Michaela Tafta <a href=\"https:\/\/deconstructingyourself.com\/deconstructing-yourself-podcast\">\"Deconstructing yourself\"<\/a><\/li>\n<\/ul>\n<p>\u00a0<em><\/em><\/p><\/div>\n\t\t\t<\/div>\n\t\t\t<\/div><div class=\"et_d4_element et_pb_column_2_5 et_pb_column et_pb_column_4  et_pb_css_mix_blend_mode et-last-child et_block_column\">\n\t\t\t\t\n\t\t\t\t\n\t\t\t\t\n\t\t\t\t\n\t\t\t\t<div class=\"et_pb_module et_d4_element et_pb_image et_pb_image_1\">\n\t\t\t\t\n\t\t\t\t\n\t\t\t\t\n\t\t\t\t\n\t\t\t\t<span class=\"et_pb_image_wrap\"><img loading=\"lazy\" decoding=\"async\" width=\"640\" height=\"640\" src=\"http:\/\/jandufek.cz\/wp-content\/uploads\/2018\/11\/nohead-1.jpg\" alt=\"\" title=\"\" srcset=\"https:\/\/jandufek.cz\/wp-content\/uploads\/2018\/11\/nohead-1.jpg 640w, https:\/\/jandufek.cz\/wp-content\/uploads\/2018\/11\/nohead-1-145x145.jpg 145w, https:\/\/jandufek.cz\/wp-content\/uploads\/2018\/11\/nohead-1-300x300.jpg 300w\" sizes=\"(max-width: 640px) 100vw, 640px\" class=\"wp-image-1476\" \/><\/span>\n\t\t\t<\/div>\n\t\t\t<\/div>\n\t\t\t\t\n\t\t\t\t\n\t\t\t\t\n\t\t\t\t\n\t\t\t<\/div><div class=\"et_d4_element et_pb_row et_pb_row_3  et_pb_css_mix_blend_mode et_block_row\">\n\t\t\t\t<div class=\"et_d4_element et_pb_column_4_4 et_pb_column et_pb_column_5  et_pb_css_mix_blend_mode et-last-child et_block_column\">\n\t\t\t\t\n\t\t\t\t\n\t\t\t\t\n\t\t\t\t\n\t\t\t\t<div class=\"et_pb_module et_d4_element et_pb_divider et_pb_divider_0 et_pb_space\"><div class=\"et_pb_divider_internal\"><\/div><\/div>\n\t\t\t<\/div>\n\t\t\t\t\n\t\t\t\t\n\t\t\t\t\n\t\t\t\t\n\t\t\t<\/div><div class=\"et_d4_element et_pb_row et_pb_row_4  et_pb_css_mix_blend_mode et_block_row\">\n\t\t\t\t<div class=\"et_d4_element et_pb_column_3_5 et_pb_column et_pb_column_6  et_pb_css_mix_blend_mode et_block_column\">\n\t\t\t\t\n\t\t\t\t\n\t\t\t\t\n\t\t\t\t\n\t\t\t\t<div class=\"et_pb_module et_d4_element et_pb_text et_pb_text_3  et_pb_text_align_left et_pb_bg_layout_light\">\n\t\t\t\t\n\t\t\t\t\n\t\t\t\t\n\t\t\t\t\n\t\t\t\t<div class=\"et_pb_text_inner\"><p>\u00a0<span style=\"font-size: 14px;\">update: 15.6.2018:<\/span><\/p>\n<ul>\n<li>Po mnoha letech m\u016f\u017eu s klidn\u00fdm srdcem \u0159\u00edct, \u017ee b\u011bh\u00e1m.<\/li>\n<li>S d\u011btma ze Z\u0160 Vratislavova jsme vyhr\u00e1li sut\u011b\u017e <a href=\"http:\/\/www.zlatastuha.cz\/cs\/souteze\">Zlat\u00e9 d\u00edt\u011b<\/a>\u00a0s t\u00edmhle <a href=\"https:\/\/vimeo.com\/262590931\">vype\u010den\u00fdm videem<\/a><\/li>\n<li>v\u00a0<a href=\"http:\/\/adhackers.cz\" target=\"_blank\" rel=\"noopener noreferrer\">AdHackers<\/a>\u00a0mak\u00e1me na reklam\u00e1ch t\u0159eba pro <a href=\"http:\/\/www.bohemichips.cz\">@bohemiachips<\/a> nebo <a href=\"http:\/\/www.skanska.cz\">@skanska<\/a>\u00a0a dal\u0161\u00ed<\/li>\n<li>Vy\u0161el <a href=\"https:\/\/city-dog.cz\/post\/jan-dufek-dvtv-zpocatku-nikdo-neveril-dnes-je-to-fenomen\/\">tenhle rozhovor<\/a>, ve kter\u00fdm\u00a0jsem v hlavn\u00ed roli pro zm\u011bnu j\u00e1<\/li>\n<li>b\u011bhem p\u00e1r t\u00fddn\u016f rozjedu\u00a0nov\u00fd projekt, kter\u00fd bude \u00fapln\u011b pr\u00e1zdn\u00fd<\/li>\n<\/ul>\n<p>Knihy z posledn\u00ed doby, co stoj\u00ed za to:<\/p>\n<ul>\n<li><strong>Robert Wright:<\/strong>\u00a0<i>Why Buddhism is true - <\/i>bylo mi jasn\u00fd, \u017ee tuhle knihu musel n\u011bkdo napsat. Je astra\u0161n\u011b dob\u0159e, \u017ee je to zrovna Robert Wright!<\/li>\n<\/ul>\n<pre style=\"text-align: center;\">\u00a0<\/pre><\/div>\n\t\t\t<\/div>\n\t\t\t<\/div><div class=\"et_d4_element et_pb_column_2_5 et_pb_column et_pb_column_7  et_pb_css_mix_blend_mode et-last-child et_block_column\">\n\t\t\t\t\n\t\t\t\t\n\t\t\t\t\n\t\t\t\t\n\t\t\t\t<div class=\"et_pb_module et_d4_element et_pb_image et_pb_image_2\">\n\t\t\t\t\n\t\t\t\t\n\t\t\t\t\n\t\t\t\t\n\t\t\t\t<span class=\"et_pb_image_wrap\"><img loading=\"lazy\" decoding=\"async\" width=\"1000\" height=\"1000\" src=\"http:\/\/jandufek.cz\/wp-content\/uploads\/2018\/11\/IMG_7003.jpeg\" alt=\"\" title=\"\" srcset=\"https:\/\/jandufek.cz\/wp-content\/uploads\/2018\/11\/IMG_7003.jpeg 1000w, https:\/\/jandufek.cz\/wp-content\/uploads\/2018\/11\/IMG_7003-145x145.jpeg 145w, https:\/\/jandufek.cz\/wp-content\/uploads\/2018\/11\/IMG_7003-300x300.jpeg 300w, https:\/\/jandufek.cz\/wp-content\/uploads\/2018\/11\/IMG_7003-768x768.jpeg 768w, https:\/\/jandufek.cz\/wp-content\/uploads\/2018\/11\/IMG_7003-785x785.jpeg 785w\" sizes=\"(max-width: 1000px) 100vw, 1000px\" class=\"wp-image-1479\" \/><\/span>\n\t\t\t<\/div>\n\t\t\t<\/div>\n\t\t\t\t\n\t\t\t\t\n\t\t\t\t\n\t\t\t\t\n\t\t\t<\/div><div class=\"et_d4_element et_pb_row et_pb_row_5  et_pb_css_mix_blend_mode et_block_row\">\n\t\t\t\t<div class=\"et_d4_element et_pb_column_4_4 et_pb_column et_pb_column_8  et_pb_css_mix_blend_mode et-last-child et_block_column\">\n\t\t\t\t\n\t\t\t\t\n\t\t\t\t\n\t\t\t\t\n\t\t\t\t<div class=\"et_pb_module et_d4_element et_pb_text et_pb_text_4  et_pb_text_align_left et_pb_bg_layout_light\">\n\t\t\t\t\n\t\t\t\t\n\t\t\t\t\n\t\t\t\t\n\t\t\t\t<div class=\"et_pb_text_inner\"><p>&nbsp;<\/p>\n<hr \/>\n<p>&nbsp;<\/p>\n<pre style=\"text-align: center;\"><em>[\/now je str\u00e1nka, kter\u00e1 p\u0159ehledn\u011b ukazuje, co zrovna d\u011bl\u00e1m. \r\nS n\u00e1padem p\u0159i\u0161el Derek Sivers. P\u0159ehled mnoha dal\u0161\u00edch \/now str\u00e1nek najdete <a href=\"http:\/\/nownownow.com\" target=\"_blank\" rel=\"noopener noreferrer\">tady.<\/a>]<\/em><\/pre><\/div>\n\t\t\t<\/div>\n\t\t\t<\/div>\n\t\t\t\t\n\t\t\t\t\n\t\t\t\t\n\t\t\t\t\n\t\t\t<\/div>\n\t\t\t\t\n\t\t\t\t\n\t\t\t<\/div><\/p>","protected":false},"excerpt":{"rendered":"","protected":false},"author":1,"featured_media":0,"parent":0,"menu_order":0,"comment_status":"closed","ping_status":"closed","template":"page-template-blank.php","meta":{"_et_pb_use_builder":"on","_et_pb_old_content":"","_et_gb_content_width":"","footnotes":""},"class_list":["post-1266","page","type-page","status-publish","hentry"],"_links":{"self":[{"href":"https:\/\/jandufek.cz\/en\/wp-json\/wp\/v2\/pages\/1266","targetHints":{"allow":["GET"]}}],"collection":[{"href":"https:\/\/jandufek.cz\/en\/wp-json\/wp\/v2\/pages"}],"about":[{"href":"https:\/\/jandufek.cz\/en\/wp-json\/wp\/v2\/types\/page"}],"author":[{"embeddable":true,"href":"https:\/\/jandufek.cz\/en\/wp-json\/wp\/v2\/users\/1"}],"replies":[{"embeddable":true,"href":"https:\/\/jandufek.cz\/en\/wp-json\/wp\/v2\/comments?post=1266"}],"version-history":[{"count":19,"href":"https:\/\/jandufek.cz\/en\/wp-json\/wp\/v2\/pages\/1266\/revisions"}],"predecessor-version":[{"id":1802,"href":"https:\/\/jandufek.cz\/en\/wp-json\/wp\/v2\/pages\/1266\/revisions\/1802"}],"wp:attachment":[{"href":"https:\/\/jandufek.cz\/en\/wp-json\/wp\/v2\/media?parent=1266"}],"curies":[{"name":"wp","href":"https:\/\/api.w.org\/{rel}","templated":true}]}}