{"id":971,"date":"2015-04-28T12:35:38","date_gmt":"2015-04-28T12:35:38","guid":{"rendered":"https:\/?page_id=971"},"modified":"2015-04-28T14:50:46","modified_gmt":"2015-04-28T14:50:46","slug":"reference","status":"publish","type":"page","link":"https:\/\/jandufek.cz\/en\/reference\/","title":{"rendered":"Reference"},"content":{"rendered":"<p>Dv\u011b prezenta\u010dn\u00ed videa online aplikace CommonTongue.<\/p>\n<p><iframe loading=\"lazy\" src=\"https:\/\/player.vimeo.com\/video\/83839637\" width=\"960\" height=\"540\" frameborder=\"0\" allowfullscreen=\"allowfullscreen\"><\/iframe><\/p>\n<p><iframe loading=\"lazy\" src=\"https:\/\/player.vimeo.com\/video\/115581149\" width=\"960\" height=\"540\" frameborder=\"0\" allowfullscreen=\"allowfullscreen\"><\/iframe><\/p>\n<p>Dva d\u00edly\u00a0propaga\u010dn\u00edho videa aplikace ProTrader,\u00a0produktu \u010cesk\u00e9 spo\u0159itelny na obchodov\u00e1n\u00ed s akciemi.<\/p>\n<p><iframe loading=\"lazy\" src=\"https:\/\/www.youtube.com\/embed\/E17sGbhkIPU\" width=\"960\" height=\"540\" frameborder=\"0\" allowfullscreen=\"allowfullscreen\"><\/iframe><\/p>\n<p><iframe loading=\"lazy\" src=\"https:\/\/www.youtube.com\/embed\/Se66TlcXBEc\" width=\"960\" height=\"540\" frameborder=\"0\" allowfullscreen=\"allowfullscreen\"><\/iframe><\/p>\n<p>Kampa\u0148 na zam\u011bstn\u00e1v\u00e1n\u00ed osob se zdravotn\u00edm posti\u017een\u00edm.<\/p>\n<p><iframe loading=\"lazy\" src=\"https:\/\/player.vimeo.com\/video\/76091937\" width=\"960\" height=\"540\" frameborder=\"0\" allowfullscreen=\"allowfullscreen\"><\/iframe><\/p>","protected":false},"excerpt":{"rendered":"<p>Dv\u011b prezenta\u010dn\u00ed videa online aplikace CommonTongue. Dva d\u00edly\u00a0propaga\u010dn\u00edho videa aplikace ProTrader,\u00a0produktu \u010cesk\u00e9 spo\u0159itelny na obchodov\u00e1n\u00ed s akciemi. Kampa\u0148 na zam\u011bstn\u00e1v\u00e1n\u00ed osob se zdravotn\u00edm posti\u017een\u00edm.<\/p>","protected":false},"author":1,"featured_media":0,"parent":0,"menu_order":0,"comment_status":"closed","ping_status":"closed","template":"full-width.php","meta":{"footnotes":""},"class_list":["post-971","page","type-page","status-publish","hentry"],"_links":{"self":[{"href":"https:\/\/jandufek.cz\/en\/wp-json\/wp\/v2\/pages\/971","targetHints":{"allow":["GET"]}}],"collection":[{"href":"https:\/\/jandufek.cz\/en\/wp-json\/wp\/v2\/pages"}],"about":[{"href":"https:\/\/jandufek.cz\/en\/wp-json\/wp\/v2\/types\/page"}],"author":[{"embeddable":true,"href":"https:\/\/jandufek.cz\/en\/wp-json\/wp\/v2\/users\/1"}],"replies":[{"embeddable":true,"href":"https:\/\/jandufek.cz\/en\/wp-json\/wp\/v2\/comments?post=971"}],"version-history":[{"count":6,"href":"https:\/\/jandufek.cz\/en\/wp-json\/wp\/v2\/pages\/971\/revisions"}],"predecessor-version":[{"id":977,"href":"https:\/\/jandufek.cz\/en\/wp-json\/wp\/v2\/pages\/971\/revisions\/977"}],"wp:attachment":[{"href":"https:\/\/jandufek.cz\/en\/wp-json\/wp\/v2\/media?parent=971"}],"curies":[{"name":"wp","href":"https:\/\/api.w.org\/{rel}","templated":true}]}}